{"id":105,"date":"2025-10-02T11:03:21","date_gmt":"2025-10-02T11:03:21","guid":{"rendered":"https:\/\/eridani42.fi\/?page_id=105"},"modified":"2025-10-08T23:41:23","modified_gmt":"2025-10-08T23:41:23","slug":"loosi-r42-eridani-keita-me-olemme","status":"publish","type":"page","link":"https:\/\/eridani42.fi\/","title":{"rendered":"Loosi R42 Eridani &#8211; keit\u00e4 me olemme?"},"content":{"rendered":"\n<figure class=\"wp-block-image size-large\"><img decoding=\"async\" src=\"https:\/\/eridani42.fi\/wp-content\/uploads\/2025\/10\/Nimeton-20-x-7-cm-1024x358.png\" alt=\"\" class=\"wp-image-114\"\/><\/figure>\n\n\n\n<p>Loosi R42 Eridani &#8211; Odd Fellow veljeskunta ja se on perustettu vuonna 2001 Vantaalla.<\/p>\n\n\n\n<p>Loosimme on saanut nimens\u00e4 Eridani t\u00e4htikuvion sek\u00e4 kreikkalaisen mytologian mukaan ja  haluamme tuoda yhteis\u00f6llisyytt\u00e4, iloa,  hyvyytt\u00e4 ja turvaa j\u00e4senillemme.<\/p>\n\n\n\n<p>Loosimme on osa Suomen laajaa Odd Fellow veljeskuntaa. Vuonna 2025 Odd Fellow looseja naisille oli 56 kpl ja j\u00e4seni\u00e4 yhteens\u00e4 3400 kpl. <\/p>\n\n\n\n<p>Loosimme on rekister\u00f6ity yhdistys, joka noudattaa Suomen yhdistyslakia.<\/p>\n\n\n\n<p><\/p>\n","protected":false},"excerpt":{"rendered":"<p>Loosi R42 Eridani &#8211; Odd Fellow veljeskunta ja se on perustettu vuonna 2001 Vantaalla. Loosimme on saanut nimens\u00e4 Eridani t\u00e4htikuvion sek\u00e4 kreikkalaisen mytologian mukaan ja haluamme tuoda yhteis\u00f6llisyytt\u00e4, iloa, hyvyytt\u00e4 ja turvaa j\u00e4senillemme. Loosimme on osa Suomen laajaa Odd Fellow veljeskuntaa. Vuonna 2025 Odd Fellow looseja naisille oli 56 kpl ja j\u00e4seni\u00e4 yhteens\u00e4 3400 kpl. [&hellip;]<\/p>\n","protected":false},"author":1,"featured_media":0,"parent":0,"menu_order":0,"comment_status":"closed","ping_status":"closed","template":"","meta":{"footnotes":""},"class_list":["post-105","page","type-page","status-publish","hentry"],"_links":{"self":[{"href":"https:\/\/eridani42.fi\/index.php\/wp-json\/wp\/v2\/pages\/105","targetHints":{"allow":["GET"]}}],"collection":[{"href":"https:\/\/eridani42.fi\/index.php\/wp-json\/wp\/v2\/pages"}],"about":[{"href":"https:\/\/eridani42.fi\/index.php\/wp-json\/wp\/v2\/types\/page"}],"author":[{"embeddable":true,"href":"https:\/\/eridani42.fi\/index.php\/wp-json\/wp\/v2\/users\/1"}],"replies":[{"embeddable":true,"href":"https:\/\/eridani42.fi\/index.php\/wp-json\/wp\/v2\/comments?post=105"}],"version-history":[{"count":8,"href":"https:\/\/eridani42.fi\/index.php\/wp-json\/wp\/v2\/pages\/105\/revisions"}],"predecessor-version":[{"id":248,"href":"https:\/\/eridani42.fi\/index.php\/wp-json\/wp\/v2\/pages\/105\/revisions\/248"}],"wp:attachment":[{"href":"https:\/\/eridani42.fi\/index.php\/wp-json\/wp\/v2\/media?parent=105"}],"curies":[{"name":"wp","href":"https:\/\/api.w.org\/{rel}","templated":true}]}}