{"id":160,"date":"2025-10-08T10:36:30","date_gmt":"2025-10-08T10:36:30","guid":{"rendered":"https:\/\/eridani42.fi\/?page_id=160"},"modified":"2025-10-25T09:19:21","modified_gmt":"2025-10-25T09:19:21","slug":"juhlistamme-r42-eridanin-25-vuotista-taivalta-2","status":"publish","type":"page","link":"https:\/\/eridani42.fi\/index.php\/juhlistamme-r42-eridanin-25-vuotista-taivalta-2\/","title":{"rendered":"Juhlistamme R42 Eridanin 25-vuotista taivalta"},"content":{"rendered":"\n<figure class=\"wp-block-image size-large\"><img loading=\"lazy\" decoding=\"async\" width=\"1024\" height=\"358\" src=\"https:\/\/eridani42.fi\/wp-content\/uploads\/2025\/10\/Nimeton-20-x-7-cm-7-1024x358.png\" alt=\"\" class=\"wp-image-278\" srcset=\"https:\/\/eridani42.fi\/wp-content\/uploads\/2025\/10\/Nimeton-20-x-7-cm-7-1024x358.png 1024w, https:\/\/eridani42.fi\/wp-content\/uploads\/2025\/10\/Nimeton-20-x-7-cm-7-300x105.png 300w, https:\/\/eridani42.fi\/wp-content\/uploads\/2025\/10\/Nimeton-20-x-7-cm-7-768x269.png 768w, https:\/\/eridani42.fi\/wp-content\/uploads\/2025\/10\/Nimeton-20-x-7-cm-7-1536x538.png 1536w, https:\/\/eridani42.fi\/wp-content\/uploads\/2025\/10\/Nimeton-20-x-7-cm-7.png 2000w\" sizes=\"auto, (max-width: 1024px) 100vw, 1024px\" \/><\/figure>\n\n\n\n<p><strong>Rakkaat yst\u00e4v\u00e4t<\/strong>,<\/p>\n\n\n\n<p>Vuonna 2026 yhdistyksemme t\u00e4ytt\u00e4\u00e4 <strong>25 vuotta<\/strong> \u2013 nelj\u00e4nnesvuosisata t\u00e4ynn\u00e4 yhteisi\u00e4 muistoja, saavutuksia ja upeita hetki\u00e4.<\/p>\n\n\n\n<p><strong>Ohjelmassa<\/strong> on juhlapuheita, musiikkia, hyv\u00e4\u00e4 ruokaa sek\u00e4 tilaisuus muistella menneit\u00e4 ja luoda uusia muistoja yhdess\u00e4.<\/p>\n\n\n\n<p><\/p>\n\n\n\n<p><strong>L\u00e4mpim\u00e4sti tervetuloa<\/strong> mukaan iloiseen joukkoomme!Juhlistamme R42 Eridanin 25-vuotista taivalta<\/p>\n\n\n\n<p><\/p>\n\n\n\n<p><\/p>\n\n\n\n<div class=\"wp-block-buttons is-layout-flex wp-block-buttons-is-layout-flex\">\n<div class=\"wp-block-button is-style-outline is-style-outline--1\"><a class=\"wp-block-button__link has-background wp-element-button\" href=\"https:\/\/eridani42.fi\/\" style=\"background-color:#fed6de\">Etusivulle<\/a><\/div>\n<\/div>\n\n\n\n<p><\/p>\n","protected":false},"excerpt":{"rendered":"<p>Rakkaat yst\u00e4v\u00e4t, Vuonna 2026 yhdistyksemme t\u00e4ytt\u00e4\u00e4 25 vuotta \u2013 nelj\u00e4nnesvuosisata t\u00e4ynn\u00e4 yhteisi\u00e4 muistoja, saavutuksia ja upeita hetki\u00e4. Ohjelmassa on juhlapuheita, musiikkia, hyv\u00e4\u00e4 ruokaa sek\u00e4 tilaisuus muistella menneit\u00e4 ja luoda uusia muistoja yhdess\u00e4. L\u00e4mpim\u00e4sti tervetuloa mukaan iloiseen joukkoomme!Juhlistamme R42 Eridanin 25-vuotista taivalta<\/p>\n","protected":false},"author":1,"featured_media":0,"parent":0,"menu_order":0,"comment_status":"closed","ping_status":"closed","template":"","meta":{"footnotes":""},"class_list":["post-160","page","type-page","status-publish","hentry"],"_links":{"self":[{"href":"https:\/\/eridani42.fi\/index.php\/wp-json\/wp\/v2\/pages\/160","targetHints":{"allow":["GET"]}}],"collection":[{"href":"https:\/\/eridani42.fi\/index.php\/wp-json\/wp\/v2\/pages"}],"about":[{"href":"https:\/\/eridani42.fi\/index.php\/wp-json\/wp\/v2\/types\/page"}],"author":[{"embeddable":true,"href":"https:\/\/eridani42.fi\/index.php\/wp-json\/wp\/v2\/users\/1"}],"replies":[{"embeddable":true,"href":"https:\/\/eridani42.fi\/index.php\/wp-json\/wp\/v2\/comments?post=160"}],"version-history":[{"count":12,"href":"https:\/\/eridani42.fi\/index.php\/wp-json\/wp\/v2\/pages\/160\/revisions"}],"predecessor-version":[{"id":351,"href":"https:\/\/eridani42.fi\/index.php\/wp-json\/wp\/v2\/pages\/160\/revisions\/351"}],"wp:attachment":[{"href":"https:\/\/eridani42.fi\/index.php\/wp-json\/wp\/v2\/media?parent=160"}],"curies":[{"name":"wp","href":"https:\/\/api.w.org\/{rel}","templated":true}]}}