{"id":20,"date":"2025-09-24T09:04:18","date_gmt":"2025-09-24T09:04:18","guid":{"rendered":"https:\/\/eridani42.fi\/?page_id=20"},"modified":"2025-10-25T08:44:55","modified_gmt":"2025-10-25T08:44:55","slug":"loosi-r42-eridani","status":"publish","type":"page","link":"https:\/\/eridani42.fi\/index.php\/loosi-r42-eridani\/","title":{"rendered":"Kaipaatko uutta sis\u00e4lt\u00f6\u00e4 el\u00e4m\u00e4\u00e4si?"},"content":{"rendered":"\n<p><\/p>\n\n\n\n<figure class=\"wp-block-image size-large\"><img loading=\"lazy\" decoding=\"async\" width=\"1024\" height=\"500\" src=\"https:\/\/eridani42.fi\/wp-content\/uploads\/2025\/09\/Verkkokaupan-etusivun-banneri-2560-x-900-px-1500-x-1048-px-1-1024x500.png\" alt=\"\" class=\"wp-image-41\" srcset=\"https:\/\/eridani42.fi\/wp-content\/uploads\/2025\/09\/Verkkokaupan-etusivun-banneri-2560-x-900-px-1500-x-1048-px-1-1024x500.png 1024w, https:\/\/eridani42.fi\/wp-content\/uploads\/2025\/09\/Verkkokaupan-etusivun-banneri-2560-x-900-px-1500-x-1048-px-1-300x146.png 300w, https:\/\/eridani42.fi\/wp-content\/uploads\/2025\/09\/Verkkokaupan-etusivun-banneri-2560-x-900-px-1500-x-1048-px-1-768x375.png 768w, https:\/\/eridani42.fi\/wp-content\/uploads\/2025\/09\/Verkkokaupan-etusivun-banneri-2560-x-900-px-1500-x-1048-px-1-1536x750.png 1536w, https:\/\/eridani42.fi\/wp-content\/uploads\/2025\/09\/Verkkokaupan-etusivun-banneri-2560-x-900-px-1500-x-1048-px-1.png 2048w\" sizes=\"auto, (max-width: 1024px) 100vw, 1024px\" \/><\/figure>\n\n\n\n<p><\/p>\n\n\n\n<h1 class=\"wp-block-heading has-theme-3-color has-text-color has-link-color has-inter-font-family has-small-font-size wp-elements-15f127f0bf0ba9a859576a7d0398a5b4\"><\/h1>\n\n\n\n<p><strong>Rebekkaloosi 42 Eridani lupaa sinulle<\/strong><\/p>\n\n\n\n<p>\u2022Turvallisen, yhteis\u00f6n ja uusia elinik\u00e4isi\u00e4 yst\u00e4vi\u00e4<\/p>\n\n\n\n<p>\u2022Uutta mielenkiintoista sis\u00e4lt\u00f6\u00e4 el\u00e4m\u00e4\u00e4si<\/p>\n\n\n\n<p>\u2022Ty\u00f6kaluja itsesi kehitt\u00e4miseen<\/p>\n\n\n\n<p>\u2022Iloista yhdess\u00e4oloa<\/p>\n\n\n\n<p><em>Rebekkaloosi 42 Eridani on osa Suomen laajaa <a href=\"https:\/\/oddfellow.fi\/\" data-type=\"link\" data-id=\"https:\/\/oddfellow.fi\/\">Odd Fellow Veljeskuntaa<\/a>. Veljeskuntamme on keskin\u00e4isen avun j\u00e4rjest\u00f6, johon kuuluu sek\u00e4 naisia ett\u00e4 miehi\u00e4. Yhteis\u00f6ll\u00e4mme ei ole mit\u00e4\u00e4n uskonnollisia ja poliittisia sitoumuksia. Loosit ovat rekister\u00f6ityj\u00e4 yhdistyksi\u00e4, jotka noudattavat Suomen yhdistyslakia. Naisilla sek\u00e4 miehill\u00e4, joita kutsutaan sisariksi ja veljiksi on omat erilliset kokouksensa. Kuulumme samaan Veljeskuntaan, mutta kummallakin on oma kattoj\u00e4rjest\u00f6ns\u00e4. Meill\u00e4 ei ole yhteisi\u00e4 loosikokouksia, mutta Veljeskunnan yhteisiin juhlatilaisuuksiin sisaret ja veljet voivat kokoontua yhdess\u00e4.<\/em> <\/p>\n\n\n\n<p><\/p>\n\n\n\n<p><\/p>\n\n\n\n<div class=\"wp-block-buttons is-layout-flex wp-block-buttons-is-layout-flex\">\n<div class=\"wp-block-button is-style-outline is-style-outline--1\"><a class=\"wp-block-button__link has-background wp-element-button\" href=\"https:\/\/eridani42.fi\/\" style=\"background-color:#fed6de\">Etusivulle<\/a><\/div>\n<\/div>\n","protected":false},"excerpt":{"rendered":"<p>Rebekkaloosi 42 Eridani lupaa sinulle \u2022Turvallisen, yhteis\u00f6n ja uusia elinik\u00e4isi\u00e4 yst\u00e4vi\u00e4 \u2022Uutta mielenkiintoista sis\u00e4lt\u00f6\u00e4 el\u00e4m\u00e4\u00e4si \u2022Ty\u00f6kaluja itsesi kehitt\u00e4miseen \u2022Iloista yhdess\u00e4oloa Rebekkaloosi 42 Eridani on osa Suomen laajaa Odd Fellow Veljeskuntaa. Veljeskuntamme on keskin\u00e4isen avun j\u00e4rjest\u00f6, johon kuuluu sek\u00e4 naisia ett\u00e4 miehi\u00e4. Yhteis\u00f6ll\u00e4mme ei ole mit\u00e4\u00e4n uskonnollisia ja poliittisia sitoumuksia. Loosit ovat rekister\u00f6ityj\u00e4 yhdistyksi\u00e4, jotka noudattavat [&hellip;]<\/p>\n","protected":false},"author":1,"featured_media":0,"parent":0,"menu_order":0,"comment_status":"closed","ping_status":"closed","template":"","meta":{"footnotes":""},"class_list":["post-20","page","type-page","status-publish","hentry"],"_links":{"self":[{"href":"https:\/\/eridani42.fi\/index.php\/wp-json\/wp\/v2\/pages\/20","targetHints":{"allow":["GET"]}}],"collection":[{"href":"https:\/\/eridani42.fi\/index.php\/wp-json\/wp\/v2\/pages"}],"about":[{"href":"https:\/\/eridani42.fi\/index.php\/wp-json\/wp\/v2\/types\/page"}],"author":[{"embeddable":true,"href":"https:\/\/eridani42.fi\/index.php\/wp-json\/wp\/v2\/users\/1"}],"replies":[{"embeddable":true,"href":"https:\/\/eridani42.fi\/index.php\/wp-json\/wp\/v2\/comments?post=20"}],"version-history":[{"count":18,"href":"https:\/\/eridani42.fi\/index.php\/wp-json\/wp\/v2\/pages\/20\/revisions"}],"predecessor-version":[{"id":345,"href":"https:\/\/eridani42.fi\/index.php\/wp-json\/wp\/v2\/pages\/20\/revisions\/345"}],"wp:attachment":[{"href":"https:\/\/eridani42.fi\/index.php\/wp-json\/wp\/v2\/media?parent=20"}],"curies":[{"name":"wp","href":"https:\/\/api.w.org\/{rel}","templated":true}]}}