{"id":27,"date":"2025-09-24T10:45:29","date_gmt":"2025-09-24T10:45:29","guid":{"rendered":"https:\/\/eridani42.fi\/?page_id=27"},"modified":"2025-10-25T08:48:42","modified_gmt":"2025-10-25T08:48:42","slug":"mika-on-tarina-eridani-nimen-takana","status":"publish","type":"page","link":"https:\/\/eridani42.fi\/index.php\/mika-on-tarina-eridani-nimen-takana\/","title":{"rendered":"Mik\u00e4 on tarina Eridani-nimen takana?"},"content":{"rendered":"\n<figure class=\"wp-block-image size-large is-resized\"><img loading=\"lazy\" decoding=\"async\" width=\"1024\" height=\"358\" src=\"https:\/\/eridani42.fi\/wp-content\/uploads\/2025\/10\/Nimeton-20-x-7-cm-1-1024x358.png\" alt=\"\" class=\"wp-image-123\" style=\"width:648px;height:auto\" srcset=\"https:\/\/eridani42.fi\/wp-content\/uploads\/2025\/10\/Nimeton-20-x-7-cm-1-1024x358.png 1024w, https:\/\/eridani42.fi\/wp-content\/uploads\/2025\/10\/Nimeton-20-x-7-cm-1-300x105.png 300w, https:\/\/eridani42.fi\/wp-content\/uploads\/2025\/10\/Nimeton-20-x-7-cm-1-768x269.png 768w, https:\/\/eridani42.fi\/wp-content\/uploads\/2025\/10\/Nimeton-20-x-7-cm-1-1536x538.png 1536w, https:\/\/eridani42.fi\/wp-content\/uploads\/2025\/10\/Nimeton-20-x-7-cm-1.png 2000w\" sizes=\"auto, (max-width: 1024px) 100vw, 1024px\" \/><\/figure>\n\n\n\n<p>Loosi R42 Eridani on saanut nimens\u00e4 kreikkalaisen Eridanus-myytin mukaan. Antiikin Faethonin tarussa Eridanokseta ( Eridani gen.) on Hyperborean pohjoisen valtakunnan hyvyytt\u00e4 kuvaava jokijumaluus&nbsp;.<\/p>\n\n\n\n<p>Kuten kaikilla antiikin ajan jumaluuksilla Eridanoksella oli my\u00f6s paikkansa taivaalla t\u00e4htien joukossa Eridanouksen t\u00e4hdist\u00f6n\u00e4, joka ulottuu ekvaattorin yli pohjoiselta pallonpuoliskolta etel\u00e4iselle pallonpuoliskolle.&nbsp; Merkiss\u00e4mme esiintyv\u00e4t t\u00e4hdet ovat Eridanouksen kirkkaimmat t\u00e4hdet, jotka kuvaavat loosimme eri asteita.<\/p>\n\n\n\n<p>Eridani merkitsee my\u00f6s virran hyv\u00e4\u00e4 tekev\u00e4\u00e4 jumaluutta. Joesta pulppuaa kaikkea hyv\u00e4\u00e4 ja joki avaa uusia uria hyv\u00e4n laajentamiseen. Loositalomme sijainti Vantaanjoen varrella saa n\u00e4in syvemp\u00e4\u00e4 merkityst\u00e4.<\/p>\n\n\n\n<p>Loosimerkiss\u00e4mme on kuvattu Vantaan joki sek\u00e4 nelj\u00e4 t\u00e4hte\u00e4: sininen, keltainen, purppurainen ja valkoinen, jotka kuvaavat asteita Rebekka polullamme.<\/p>\n\n\n\n<p>Nimemme tarina kuvaa hyvin toimintaamme t\u00e4n\u00e4\u00e4n: Kokoonnumme kaksi kertaa kuukaudessa loositaloomme Vantaanjoen kosken partaalla. Kokouksissamme on pyrkimyksen\u00e4 kasvaa hyvyyteen ja sit\u00e4 kautta my\u00f6s hyv\u00e4ntekev\u00e4isyyteen, toisista v\u00e4litt\u00e4miseen ja auttamiseen. Haluamme kehitty\u00e4 ihmisin\u00e4 ja yst\u00e4vin\u00e4.<\/p>\n\n\n\n<div class=\"wp-block-buttons is-layout-flex wp-block-buttons-is-layout-flex\">\n<div class=\"wp-block-button is-style-outline is-style-outline--1\"><a class=\"wp-block-button__link has-background wp-element-button\" href=\"https:\/\/eridani42.fi\/\" style=\"background-color:#fed6de\">Etusivulle<\/a><\/div>\n<\/div>\n\n\n\n<p><\/p>\n","protected":false},"excerpt":{"rendered":"<p>Loosi R42 Eridani on saanut nimens\u00e4 kreikkalaisen Eridanus-myytin mukaan. Antiikin Faethonin tarussa Eridanokseta ( Eridani gen.) on Hyperborean pohjoisen valtakunnan hyvyytt\u00e4 kuvaava jokijumaluus&nbsp;. Kuten kaikilla antiikin ajan jumaluuksilla Eridanoksella oli my\u00f6s paikkansa taivaalla t\u00e4htien joukossa Eridanouksen t\u00e4hdist\u00f6n\u00e4, joka ulottuu ekvaattorin yli pohjoiselta pallonpuoliskolta etel\u00e4iselle pallonpuoliskolle.&nbsp; Merkiss\u00e4mme esiintyv\u00e4t t\u00e4hdet ovat Eridanouksen kirkkaimmat t\u00e4hdet, jotka kuvaavat loosimme [&hellip;]<\/p>\n","protected":false},"author":1,"featured_media":0,"parent":0,"menu_order":1,"comment_status":"closed","ping_status":"closed","template":"","meta":{"footnotes":""},"class_list":["post-27","page","type-page","status-publish","hentry"],"_links":{"self":[{"href":"https:\/\/eridani42.fi\/index.php\/wp-json\/wp\/v2\/pages\/27","targetHints":{"allow":["GET"]}}],"collection":[{"href":"https:\/\/eridani42.fi\/index.php\/wp-json\/wp\/v2\/pages"}],"about":[{"href":"https:\/\/eridani42.fi\/index.php\/wp-json\/wp\/v2\/types\/page"}],"author":[{"embeddable":true,"href":"https:\/\/eridani42.fi\/index.php\/wp-json\/wp\/v2\/users\/1"}],"replies":[{"embeddable":true,"href":"https:\/\/eridani42.fi\/index.php\/wp-json\/wp\/v2\/comments?post=27"}],"version-history":[{"count":15,"href":"https:\/\/eridani42.fi\/index.php\/wp-json\/wp\/v2\/pages\/27\/revisions"}],"predecessor-version":[{"id":349,"href":"https:\/\/eridani42.fi\/index.php\/wp-json\/wp\/v2\/pages\/27\/revisions\/349"}],"wp:attachment":[{"href":"https:\/\/eridani42.fi\/index.php\/wp-json\/wp\/v2\/media?parent=27"}],"curies":[{"name":"wp","href":"https:\/\/api.w.org\/{rel}","templated":true}]}}