{"id":290,"date":"2025-10-18T15:13:32","date_gmt":"2025-10-18T15:13:32","guid":{"rendered":"https:\/\/eridani42.fi\/?page_id=290"},"modified":"2025-10-25T08:44:19","modified_gmt":"2025-10-25T08:44:19","slug":"jasentarinoita","status":"publish","type":"page","link":"https:\/\/eridani42.fi\/index.php\/jasentarinoita\/","title":{"rendered":"J\u00e4sentarinoita"},"content":{"rendered":"\n<figure class=\"wp-block-image size-large is-resized\"><img loading=\"lazy\" decoding=\"async\" width=\"1024\" height=\"1024\" src=\"https:\/\/eridani42.fi\/wp-content\/uploads\/2025\/10\/Synkka-tuotekuvat-2-1024x1024.png\" alt=\"\" class=\"wp-image-148\" style=\"width:137px;height:auto\" srcset=\"https:\/\/eridani42.fi\/wp-content\/uploads\/2025\/10\/Synkka-tuotekuvat-2-1024x1024.png 1024w, https:\/\/eridani42.fi\/wp-content\/uploads\/2025\/10\/Synkka-tuotekuvat-2-300x300.png 300w, https:\/\/eridani42.fi\/wp-content\/uploads\/2025\/10\/Synkka-tuotekuvat-2-150x150.png 150w, https:\/\/eridani42.fi\/wp-content\/uploads\/2025\/10\/Synkka-tuotekuvat-2-768x768.png 768w, https:\/\/eridani42.fi\/wp-content\/uploads\/2025\/10\/Synkka-tuotekuvat-2-1536x1536.png 1536w, https:\/\/eridani42.fi\/wp-content\/uploads\/2025\/10\/Synkka-tuotekuvat-2-2048x2048.png 2048w\" sizes=\"auto, (max-width: 1024px) 100vw, 1024px\" \/><\/figure>\n\n\n\n<p><strong>Yritt\u00e4j\u00e4<\/strong><\/p>\n\n\n\n<p>Liityin&nbsp; Rebekkaloosiin vuonna 1991, suhteellisen nuorena yritt\u00e4j\u00e4n\u00e4, jonka p\u00e4iv\u00e4t olivat valmiiksi t\u00e4ynn\u00e4. Loosikokoukset kaksi kertaa kuukaudessa antoivat kiireisiin ty\u00f6p\u00e4iviin miellytt\u00e4v\u00e4n katkon ja ty\u00f6asiat unohtuivat hetkeksi.&nbsp;<\/p>\n\n\n\n<p>Olen vuosien mittaan ottanut kaikki teht\u00e4v\u00e4t vastaan joita minulle on tarjottu. Olen saanut niist\u00e4 valtavasti oppia ja sis\u00e4lt\u00f6\u00e4 el\u00e4m\u00e4\u00e4ni. Yhdess\u00e4 toisten kanssa toimiessani esimerkiksi juhlia j\u00e4rjestelless\u00e4mme syntyi yst\u00e4vyys rennossa yst\u00e4v\u00e4llisess\u00e4 ilmapiiriss\u00e4 ja sain samalla valtavasti oppia ja tunsin heti l\u00e4heisyytt\u00e4 vanhempien kokeneitten sisarien kanssa- tunsin kuuluvani&nbsp;joukkoon.<\/p>\n\n\n\n<p><\/p>\n\n\n\n<p>Olen saanut t\u00e4st\u00e4 harrastuksesta enemm\u00e4n kuin olen pystynyt antamaan mm. elinik\u00e4isi\u00e4 yst\u00e4vi\u00e4, joiden t\u00e4yden arvon ymm\u00e4rr\u00e4n nyt vuosikymmenten j\u00e4lkeen. Sisaruus on minulle el\u00e4m\u00e4ntapa, en voisi kuvitella el\u00e4m\u00e4\u00e4ni ilman sit\u00e4.<\/p>\n\n\n\n<figure class=\"wp-block-image size-large is-resized\"><img loading=\"lazy\" decoding=\"async\" width=\"1024\" height=\"1024\" src=\"https:\/\/eridani42.fi\/wp-content\/uploads\/2025\/10\/Synkka-tuotekuvat-2-1024x1024.png\" alt=\"\" class=\"wp-image-148\" style=\"width:151px;height:auto\" srcset=\"https:\/\/eridani42.fi\/wp-content\/uploads\/2025\/10\/Synkka-tuotekuvat-2-1024x1024.png 1024w, https:\/\/eridani42.fi\/wp-content\/uploads\/2025\/10\/Synkka-tuotekuvat-2-300x300.png 300w, https:\/\/eridani42.fi\/wp-content\/uploads\/2025\/10\/Synkka-tuotekuvat-2-150x150.png 150w, https:\/\/eridani42.fi\/wp-content\/uploads\/2025\/10\/Synkka-tuotekuvat-2-768x768.png 768w, https:\/\/eridani42.fi\/wp-content\/uploads\/2025\/10\/Synkka-tuotekuvat-2-1536x1536.png 1536w, https:\/\/eridani42.fi\/wp-content\/uploads\/2025\/10\/Synkka-tuotekuvat-2-2048x2048.png 2048w\" sizes=\"auto, (max-width: 1024px) 100vw, 1024px\" \/><\/figure>\n\n\n\n<p><strong>Nuori sisar<\/strong><\/p>\n\n\n\n<p>&#8221;Hektisen el\u00e4m\u00e4n keskell\u00e4 on ihana p\u00e4\u00e4st\u00e4 pys\u00e4htym\u00e4\u00e4n, vaeltamaan tunnelmassa ajassa taaksep\u00e4in ja samalla oppia el\u00e4m\u00e4ss\u00e4 uutta toisten ihmisten kokemusten ja oppien kautta. Omaa aikaa, yhdess\u00e4.<\/p>\n\n\n\n<p>Tuntea olevansa tervetullut joka ikinen kerta.&nbsp;<\/p>\n\n\n\n<p>Kokouksiin osallistuminen on jotain, mist\u00e4 tulen kotiin aina hyvill\u00e4 mielin ja onnellisena.<\/p>\n\n\n\n<p>Toiminta on monipuolista niin monella tapaa ja on antanut minulle avaimet my\u00f6s l\u00f6yt\u00e4m\u00e4\u00e4n syd\u00e4nyst\u00e4vi\u00e4, tekem\u00e4\u00e4n hyv\u00e4\u00e4 t\u00e4ss\u00e4 maailmassa, sek\u00e4 verkostoitumaan.&#8221;<\/p>\n\n\n\n<figure class=\"wp-block-image size-large is-resized\"><img loading=\"lazy\" decoding=\"async\" width=\"1024\" height=\"1024\" src=\"https:\/\/eridani42.fi\/wp-content\/uploads\/2025\/10\/Synkka-tuotekuvat-2-1024x1024.png\" alt=\"\" class=\"wp-image-148\" style=\"width:146px;height:auto\" srcset=\"https:\/\/eridani42.fi\/wp-content\/uploads\/2025\/10\/Synkka-tuotekuvat-2-1024x1024.png 1024w, https:\/\/eridani42.fi\/wp-content\/uploads\/2025\/10\/Synkka-tuotekuvat-2-300x300.png 300w, https:\/\/eridani42.fi\/wp-content\/uploads\/2025\/10\/Synkka-tuotekuvat-2-150x150.png 150w, https:\/\/eridani42.fi\/wp-content\/uploads\/2025\/10\/Synkka-tuotekuvat-2-768x768.png 768w, https:\/\/eridani42.fi\/wp-content\/uploads\/2025\/10\/Synkka-tuotekuvat-2-1536x1536.png 1536w, https:\/\/eridani42.fi\/wp-content\/uploads\/2025\/10\/Synkka-tuotekuvat-2-2048x2048.png 2048w\" sizes=\"auto, (max-width: 1024px) 100vw, 1024px\" \/><\/figure>\n\n\n\n<p><strong>Kasvatustieteiden maisteri<\/strong><\/p>\n\n\n\n<p>Liityin rakkaan yst\u00e4v\u00e4ni my\u00f6t\u00e4 loosin. Kiinnostukseni her\u00e4si pikku hiljaa enk\u00e4 ole liittymist\u00e4ni katunut.<br>Olen saanut paljon yst\u00e4vi\u00e4 ja kuten kutsumme paljon sisaria. T\u00e4m\u00e4 yhteis\u00f6 antaa minulle yst\u00e4vyytt\u00e4, rauhaa, mielenkiintoisia keskusteluja, erilaista toimintaa, yhdess\u00e4 tekemist\u00e4\/ olemista ja saan kehitt\u00e4\u00e4 itse\u00e4ni.<\/p>\n\n\n\n<figure class=\"wp-block-image size-large is-resized\"><img loading=\"lazy\" decoding=\"async\" width=\"1024\" height=\"1024\" src=\"https:\/\/eridani42.fi\/wp-content\/uploads\/2025\/10\/Synkka-tuotekuvat-2-1024x1024.png\" alt=\"\" class=\"wp-image-148\" style=\"width:148px;height:auto\" srcset=\"https:\/\/eridani42.fi\/wp-content\/uploads\/2025\/10\/Synkka-tuotekuvat-2-1024x1024.png 1024w, https:\/\/eridani42.fi\/wp-content\/uploads\/2025\/10\/Synkka-tuotekuvat-2-300x300.png 300w, https:\/\/eridani42.fi\/wp-content\/uploads\/2025\/10\/Synkka-tuotekuvat-2-150x150.png 150w, https:\/\/eridani42.fi\/wp-content\/uploads\/2025\/10\/Synkka-tuotekuvat-2-768x768.png 768w, https:\/\/eridani42.fi\/wp-content\/uploads\/2025\/10\/Synkka-tuotekuvat-2-1536x1536.png 1536w, https:\/\/eridani42.fi\/wp-content\/uploads\/2025\/10\/Synkka-tuotekuvat-2-2048x2048.png 2048w\" sizes=\"auto, (max-width: 1024px) 100vw, 1024px\" \/><\/figure>\n\n\n\n<p><strong>Yritt\u00e4j\u00e4<\/strong><\/p>\n\n\n\n<p>Muutin nuorena p\u00e4\u00e4kaupunkiseudulle Keski-Suomesta mieheni ty\u00f6n mukana.<br>Vuodet vieriv\u00e4t huomaamattaan. Sain ty\u00f6skennell\u00e4 nuorelle min\u00e4lleni mieleisiss\u00e4<br>yrityksiss\u00e4. Sitten tuli hetki kun havahduin, ett\u00e4 olen tehnyt liian aktiivisesti t\u00f6it\u00e4 ja<br>yst\u00e4vyyssuhteet uudessa kotikaupungissani olivat j\u00e4\u00e4neet solmimatta. Aloin pohtia<br>kuumeisesti miten korjaan tilanteen.<\/p>\n\n\n\n<p><br>Asioillahan on tapana j\u00e4rjesty\u00e4. Er\u00e4\u00e4n\u00e4 p\u00e4iv\u00e4n\u00e4 kotiini tuli kutsukirje Odd Fellow<br>Rebekkaloosi 42 Eridanin sisariltaan. J\u00e4rjest\u00f6 oli minulle jo jonkin verran tuttu, sill\u00e4<br>mieheni oli Odd Fellow miesloosin j\u00e4sen. Innostuin heti, ett\u00e4 t\u00e4ss\u00e4h\u00e4n olisi vastaus<br>askarruttaneeseen aiheeseeni. Liityin R42 Eridani sisarten joukkoon ja olen viihtynyt<br>eritt\u00e4in hyvin.<\/p>\n\n\n\n<div class=\"wp-block-buttons is-layout-flex wp-block-buttons-is-layout-flex\">\n<div class=\"wp-block-button is-style-outline is-style-outline--1\"><a class=\"wp-block-button__link has-background wp-element-button\" href=\"https:\/\/eridani42.fi\/\" style=\"background-color:#fed6de\">Etusivulle<\/a><\/div>\n<\/div>\n","protected":false},"excerpt":{"rendered":"<p>Yritt\u00e4j\u00e4 Liityin&nbsp; Rebekkaloosiin vuonna 1991, suhteellisen nuorena yritt\u00e4j\u00e4n\u00e4, jonka p\u00e4iv\u00e4t olivat valmiiksi t\u00e4ynn\u00e4. Loosikokoukset kaksi kertaa kuukaudessa antoivat kiireisiin ty\u00f6p\u00e4iviin miellytt\u00e4v\u00e4n katkon ja ty\u00f6asiat unohtuivat hetkeksi.&nbsp; Olen vuosien mittaan ottanut kaikki teht\u00e4v\u00e4t vastaan joita minulle on tarjottu. Olen saanut niist\u00e4 valtavasti oppia ja sis\u00e4lt\u00f6\u00e4 el\u00e4m\u00e4\u00e4ni. Yhdess\u00e4 toisten kanssa toimiessani esimerkiksi juhlia j\u00e4rjestelless\u00e4mme syntyi yst\u00e4vyys rennossa [&hellip;]<\/p>\n","protected":false},"author":1,"featured_media":0,"parent":0,"menu_order":0,"comment_status":"closed","ping_status":"closed","template":"","meta":{"footnotes":""},"class_list":["post-290","page","type-page","status-publish","hentry"],"_links":{"self":[{"href":"https:\/\/eridani42.fi\/index.php\/wp-json\/wp\/v2\/pages\/290","targetHints":{"allow":["GET"]}}],"collection":[{"href":"https:\/\/eridani42.fi\/index.php\/wp-json\/wp\/v2\/pages"}],"about":[{"href":"https:\/\/eridani42.fi\/index.php\/wp-json\/wp\/v2\/types\/page"}],"author":[{"embeddable":true,"href":"https:\/\/eridani42.fi\/index.php\/wp-json\/wp\/v2\/users\/1"}],"replies":[{"embeddable":true,"href":"https:\/\/eridani42.fi\/index.php\/wp-json\/wp\/v2\/comments?post=290"}],"version-history":[{"count":9,"href":"https:\/\/eridani42.fi\/index.php\/wp-json\/wp\/v2\/pages\/290\/revisions"}],"predecessor-version":[{"id":344,"href":"https:\/\/eridani42.fi\/index.php\/wp-json\/wp\/v2\/pages\/290\/revisions\/344"}],"wp:attachment":[{"href":"https:\/\/eridani42.fi\/index.php\/wp-json\/wp\/v2\/media?parent=290"}],"curies":[{"name":"wp","href":"https:\/\/api.w.org\/{rel}","templated":true}]}}