{"id":3,"date":"2025-08-28T11:33:17","date_gmt":"2025-08-28T11:33:17","guid":{"rendered":"https:\/\/eridani42.fi\/?page_id=3"},"modified":"2025-10-25T08:47:06","modified_gmt":"2025-10-25T08:47:06","slug":"privacy-policy","status":"publish","type":"page","link":"https:\/\/eridani42.fi\/index.php\/privacy-policy\/","title":{"rendered":"Tietosuojaseloste"},"content":{"rendered":"\n<h5 class=\"wp-block-heading\"><\/h5>\n\n\n\n<h5 class=\"wp-block-heading\">Rekisterinpit\u00e4j\u00e4<\/h5>\n\n\n\n<p>Rebekkaloosi n:o 42 Eridani I.O.O.F.<\/p>\n\n\n\n<p>Y-tunnus: 3055858\u20132<\/p>\n\n\n\n<p>Osoite: Vantaanpuistotie 3, 01730 Vantaa<\/p>\n\n\n\n<p>S\u00e4hk\u00f6posti: puheenjohtaja@eridani42.fi<\/p>\n\n\n\n<h5 class=\"wp-block-heading\">Rekisteriasioista vastaava yhteyshenkil\u00f6<\/h5>\n\n\n\n<p>S\u00e4hk\u00f6posti: puheenjohtaja@eridani42.fi<\/p>\n\n\n\n<h5 class=\"wp-block-heading\">Rekisterin nimi<\/h5>\n\n\n\n<p>j\u00e4sen- ja sidosryhm\u00e4rekisteri<\/p>\n\n\n\n<h5 class=\"wp-block-heading\">Henkil\u00f6tietojen k\u00e4sittelyn tarkoitus<\/h5>\n\n\n\n<p>&#8211; j\u00e4senrekisterin yll\u00e4pit\u00e4minen<\/p>\n\n\n\n<p>&#8211; j\u00e4senmaksujen laskutus ja hallinnointi<\/p>\n\n\n\n<p>&#8211; viestint\u00e4 ja tiedottaminen (s\u00e4hk\u00f6posti, uutiskirjeet, tapahtumakutsut)<\/p>\n\n\n\n<p>&#8211; tapahtumien ja koulutusten j\u00e4rjest\u00e4minen<\/p>\n\n\n\n<p>&#8211; lakis\u00e4\u00e4teisten velvoitteiden t\u00e4ytt\u00e4minen<\/p>\n\n\n\n<h5 class=\"wp-block-heading\">Rekisterin tietosis\u00e4lt\u00f6<\/h5>\n\n\n\n<p>&#8211; nimi<\/p>\n\n\n\n<p>&#8211; yhteystiedot (osoite, s\u00e4hk\u00f6postiosoite, puhelinnumero)<\/p>\n\n\n\n<p>&#8211; j\u00e4senyyteen liittyv\u00e4t tiedot (liittymisp\u00e4iv\u00e4, j\u00e4senlaji, maksutiedot)<\/p>\n\n\n\n<p>&#8211; mahdolliset tapahtuma- tai koulutusilmoittautumiset<\/p>\n\n\n\n<p>&#8211; suostumukset ja kiellot (esim. suoramarkkinointikielto)<\/p>\n\n\n\n<h5 class=\"wp-block-heading\">S\u00e4\u00e4nn\u00f6nmukaiset tietol\u00e4hteet<\/h5>\n\n\n\n<p>Tietoja ker\u00e4t\u00e4\u00e4n:<\/p>\n\n\n\n<p>&#8211; j\u00e4senilt\u00e4 itselt\u00e4\u00e4n liittymisen ja viestinn\u00e4n yhteydess\u00e4<\/p>\n\n\n\n<p>&#8211; tapahtumailmoittautumisista<\/p>\n\n\n\n<p>&#8211; muista henkil\u00f6n antamista yhteydenotoista<\/p>\n\n\n\n<h5 class=\"wp-block-heading\">Tietojen luovutus ja siirto<\/h5>\n\n\n\n<p>Tietoja ei luovuteta kolmansille osapuolille, ellei lains\u00e4\u00e4d\u00e4nt\u00f6 sit\u00e4 edellyt\u00e4.<\/p>\n\n\n\n<p>Tietoja ei p\u00e4\u00e4s\u00e4\u00e4nt\u00f6isesti siirret\u00e4 EU:n tai ETA:n ulkopuolelle.<\/p>\n\n\n\n<h5 class=\"wp-block-heading\">Tietojen s\u00e4ilytysaika<\/h5>\n\n\n\n<p>Henkil\u00f6tietoja s\u00e4ilytet\u00e4\u00e4n niin kauan kuin j\u00e4senyys tai muu asiallinen yhteys yhdistykseen on voimassa.<\/p>\n\n\n\n<p>Kirjanpitoaineisto s\u00e4ilytet\u00e4\u00e4n kirjanpitolain mukaisesti.<\/p>\n\n\n\n<h5 class=\"wp-block-heading\">Rekisterin suojaus<\/h5>\n\n\n\n<p>&#8211; S\u00e4hk\u00f6iset tiedot s\u00e4ilytet\u00e4\u00e4n salasanoin ja palomuurilla suojatuissa j\u00e4rjestelmiss\u00e4.<\/p>\n\n\n\n<p>&#8211; Manuaalinen aineisto (paperiset asiakirjat) s\u00e4ilytet\u00e4\u00e4n lukituissa tiloissa.<\/p>\n\n\n\n<p>&#8211; Tietoihin p\u00e4\u00e4sev\u00e4t vain ne henkil\u00f6t, jotka tarvitsevat tietoja yhdistyksen toiminnan hoitamiseksi.<\/p>\n\n\n\n<h5 class=\"wp-block-heading\">Rekister\u00f6idyn oikeudet<\/h5>\n\n\n\n<p>Rekister\u00f6idyll\u00e4 on EU:n tietosuoja-asetuksen mukaisesti oikeus:<\/p>\n\n\n\n<p>&#8211; tarkastaa itse\u00e4\u00e4n koskevat tiedot<\/p>\n\n\n\n<p>&#8211; vaatia virheellisten tietojen oikaisua<\/p>\n\n\n\n<p>&#8211; pyyt\u00e4\u00e4 tietojen poistamista tai k\u00e4sittelyn rajoittamista<\/p>\n\n\n\n<p>&#8211; vastustaa tietojen k\u00e4sittely\u00e4<\/p>\n\n\n\n<p>&#8211; peruuttaa suostumuksensa<\/p>\n\n\n\n<p>&#8211; tehd\u00e4 valitus valvontaviranomaiselle (Tietosuojavaltuutettu)<\/p>\n\n\n\n<p>Pyynn\u00f6t tulee toimittaa kirjallisesti rekisteriasioista vastaavalle yhteyshenkil\u00f6lle.<\/p>\n\n\n\n<div class=\"wp-block-buttons is-layout-flex wp-block-buttons-is-layout-flex\">\n<div class=\"wp-block-button is-style-outline is-style-outline--1\"><a class=\"wp-block-button__link has-custom-kulta-color has-text-color has-background has-link-color has-small-font-size has-custom-font-size wp-element-button\" href=\"https:\/\/eridani42.fi\/\" style=\"background-color:#fed6de\">etusivulle<\/a><\/div>\n<\/div>\n\n\n\n<p><\/p>\n","protected":false},"excerpt":{"rendered":"<p>Rekisterinpit\u00e4j\u00e4 Rebekkaloosi n:o 42 Eridani I.O.O.F. Y-tunnus: 3055858\u20132 Osoite: Vantaanpuistotie 3, 01730 Vantaa S\u00e4hk\u00f6posti: puheenjohtaja@eridani42.fi Rekisteriasioista vastaava yhteyshenkil\u00f6 S\u00e4hk\u00f6posti: puheenjohtaja@eridani42.fi Rekisterin nimi j\u00e4sen- ja sidosryhm\u00e4rekisteri Henkil\u00f6tietojen k\u00e4sittelyn tarkoitus &#8211; j\u00e4senrekisterin yll\u00e4pit\u00e4minen &#8211; j\u00e4senmaksujen laskutus ja hallinnointi &#8211; viestint\u00e4 ja tiedottaminen (s\u00e4hk\u00f6posti, uutiskirjeet, tapahtumakutsut) &#8211; tapahtumien ja koulutusten j\u00e4rjest\u00e4minen &#8211; lakis\u00e4\u00e4teisten velvoitteiden t\u00e4ytt\u00e4minen Rekisterin tietosis\u00e4lt\u00f6 &#8211; [&hellip;]<\/p>\n","protected":false},"author":1,"featured_media":0,"parent":0,"menu_order":0,"comment_status":"closed","ping_status":"closed","template":"","meta":{"footnotes":""},"class_list":["post-3","page","type-page","status-publish","hentry"],"_links":{"self":[{"href":"https:\/\/eridani42.fi\/index.php\/wp-json\/wp\/v2\/pages\/3","targetHints":{"allow":["GET"]}}],"collection":[{"href":"https:\/\/eridani42.fi\/index.php\/wp-json\/wp\/v2\/pages"}],"about":[{"href":"https:\/\/eridani42.fi\/index.php\/wp-json\/wp\/v2\/types\/page"}],"author":[{"embeddable":true,"href":"https:\/\/eridani42.fi\/index.php\/wp-json\/wp\/v2\/users\/1"}],"replies":[{"embeddable":true,"href":"https:\/\/eridani42.fi\/index.php\/wp-json\/wp\/v2\/comments?post=3"}],"version-history":[{"count":9,"href":"https:\/\/eridani42.fi\/index.php\/wp-json\/wp\/v2\/pages\/3\/revisions"}],"predecessor-version":[{"id":346,"href":"https:\/\/eridani42.fi\/index.php\/wp-json\/wp\/v2\/pages\/3\/revisions\/346"}],"wp:attachment":[{"href":"https:\/\/eridani42.fi\/index.php\/wp-json\/wp\/v2\/media?parent=3"}],"curies":[{"name":"wp","href":"https:\/\/api.w.org\/{rel}","templated":true}]}}