{"id":30,"date":"2025-09-24T10:45:50","date_gmt":"2025-09-24T10:45:50","guid":{"rendered":"https:\/\/eridani42.fi\/?page_id=30"},"modified":"2025-10-25T08:42:04","modified_gmt":"2025-10-25T08:42:04","slug":"mita-me-teemme","status":"publish","type":"page","link":"https:\/\/eridani42.fi\/index.php\/mita-me-teemme\/","title":{"rendered":"Mit\u00e4 me teemme?"},"content":{"rendered":"\n<figure class=\"wp-block-image size-large\"><img loading=\"lazy\" decoding=\"async\" width=\"1024\" height=\"358\" src=\"https:\/\/eridani42.fi\/wp-content\/uploads\/2025\/10\/Nimeton-20-x-7-cm-5-1024x358.png\" alt=\"\" class=\"wp-image-254\" srcset=\"https:\/\/eridani42.fi\/wp-content\/uploads\/2025\/10\/Nimeton-20-x-7-cm-5-1024x358.png 1024w, https:\/\/eridani42.fi\/wp-content\/uploads\/2025\/10\/Nimeton-20-x-7-cm-5-300x105.png 300w, https:\/\/eridani42.fi\/wp-content\/uploads\/2025\/10\/Nimeton-20-x-7-cm-5-768x269.png 768w, https:\/\/eridani42.fi\/wp-content\/uploads\/2025\/10\/Nimeton-20-x-7-cm-5-1536x538.png 1536w, https:\/\/eridani42.fi\/wp-content\/uploads\/2025\/10\/Nimeton-20-x-7-cm-5.png 2000w\" sizes=\"auto, (max-width: 1024px) 100vw, 1024px\" \/><\/figure>\n\n\n\n<p>Loosimme kokoontuu joka kuukauden 2. ja 4. keskiviikko syyskuun ja toukokuun v\u00e4lisen\u00e4 aikana. Loosikokous on varsinaisen toimintamme ydin. Kokouksemme etenev\u00e4t perinteidemme mukaisesti noudattaen m\u00e4\u00e4r\u00e4muotoista asialistaa.<\/p>\n\n\n\n<p>Yhteinen sisarateria kokouksen j\u00e4lkeen on mukavaa yhdess\u00e4oloa ja seurustelua. Yhdess\u00e4 nautittu ateria on yksi hyv\u00e4\u00e4 tekevist\u00e4 perinteist\u00e4mme. Ateria suo hienon mahdollisuuden tutustua kaikkiin sisariin \u2013 meit\u00e4 on monilta eri aloilta ja eri ik\u00e4luokista.&nbsp;&nbsp;&nbsp;&nbsp;&nbsp;&nbsp;&nbsp;&nbsp;&nbsp;&nbsp;<\/p>\n\n\n\n<p>J\u00e4rjest\u00e4mme paljon hauskaa tekemist\u00e4 my\u00f6s loosin ulkopuolella. K\u00e4ymme yhdess\u00e4 eri kulttuuritapahtumissa, harrastamme ja tapaamme toisiamme my\u00f6s kokouksien ulkopuolella. N\u00e4ihin ovat yst\u00e4v\u00e4si ja perheesi tervetulleita. &nbsp;&nbsp;<\/p>\n\n\n\n<p>Pyrkimyksi\u00e4mme kasvaa hyvyyteen ja hyv\u00e4ntekev\u00e4isyyteen, toisista v\u00e4litt\u00e4miseen ja auttamiseen, toteutamme mm. Odd Fellow -j\u00e4rjest\u00f6n sis\u00e4ll\u00e4 toimivan Lastenrahastos\u00e4\u00e4ti\u00f6n kautta.&nbsp;&nbsp;&nbsp;&nbsp;&nbsp;&nbsp;<\/p>\n\n\n\n<div class=\"wp-block-buttons is-layout-flex wp-block-buttons-is-layout-flex\">\n<div class=\"wp-block-button is-style-outline is-style-outline--1\"><a class=\"wp-block-button__link has-background wp-element-button\" href=\"https:\/\/eridani42.fi\/\" style=\"background-color:#fedae2\">Etusivulle<\/a><\/div>\n<\/div>\n","protected":false},"excerpt":{"rendered":"<p>Loosimme kokoontuu joka kuukauden 2. ja 4. keskiviikko syyskuun ja toukokuun v\u00e4lisen\u00e4 aikana. Loosikokous on varsinaisen toimintamme ydin. Kokouksemme etenev\u00e4t perinteidemme mukaisesti noudattaen m\u00e4\u00e4r\u00e4muotoista asialistaa. Yhteinen sisarateria kokouksen j\u00e4lkeen on mukavaa yhdess\u00e4oloa ja seurustelua. Yhdess\u00e4 nautittu ateria on yksi hyv\u00e4\u00e4 tekevist\u00e4 perinteist\u00e4mme. Ateria suo hienon mahdollisuuden tutustua kaikkiin sisariin \u2013 meit\u00e4 on monilta eri aloilta [&hellip;]<\/p>\n","protected":false},"author":1,"featured_media":0,"parent":0,"menu_order":0,"comment_status":"closed","ping_status":"closed","template":"","meta":{"footnotes":""},"class_list":["post-30","page","type-page","status-publish","hentry"],"_links":{"self":[{"href":"https:\/\/eridani42.fi\/index.php\/wp-json\/wp\/v2\/pages\/30","targetHints":{"allow":["GET"]}}],"collection":[{"href":"https:\/\/eridani42.fi\/index.php\/wp-json\/wp\/v2\/pages"}],"about":[{"href":"https:\/\/eridani42.fi\/index.php\/wp-json\/wp\/v2\/types\/page"}],"author":[{"embeddable":true,"href":"https:\/\/eridani42.fi\/index.php\/wp-json\/wp\/v2\/users\/1"}],"replies":[{"embeddable":true,"href":"https:\/\/eridani42.fi\/index.php\/wp-json\/wp\/v2\/comments?post=30"}],"version-history":[{"count":13,"href":"https:\/\/eridani42.fi\/index.php\/wp-json\/wp\/v2\/pages\/30\/revisions"}],"predecessor-version":[{"id":342,"href":"https:\/\/eridani42.fi\/index.php\/wp-json\/wp\/v2\/pages\/30\/revisions\/342"}],"wp:attachment":[{"href":"https:\/\/eridani42.fi\/index.php\/wp-json\/wp\/v2\/media?parent=30"}],"curies":[{"name":"wp","href":"https:\/\/api.w.org\/{rel}","templated":true}]}}