{"id":32,"date":"2025-09-24T10:46:24","date_gmt":"2025-09-24T10:46:24","guid":{"rendered":"https:\/\/eridani42.fi\/?page_id=32"},"modified":"2025-10-25T08:43:42","modified_gmt":"2025-10-25T08:43:42","slug":"olet-tervetullut-joukkoomme","status":"publish","type":"page","link":"https:\/\/eridani42.fi\/index.php\/olet-tervetullut-joukkoomme\/","title":{"rendered":"Olet tervetullut joukkoomme!"},"content":{"rendered":"\n<figure class=\"wp-block-image size-large is-resized\" style=\"margin-top:0;margin-bottom:0\"><img loading=\"lazy\" decoding=\"async\" width=\"1024\" height=\"1024\" src=\"https:\/\/eridani42.fi\/wp-content\/uploads\/2025\/10\/Synkka-tuotekuvat-4-1024x1024.png\" alt=\"Eridani42\" class=\"wp-image-172\" style=\"width:436px;height:auto\"\/><\/figure>\n\n\n\n<p>Toivottavasti saimme sinut kiinnostumaan toiminnastamme! Varmasti haluat kuulla lis\u00e4\u00e4. J\u00e4t\u00e4 yhteydenottopyynt\u00f6si <a href=\"mailto:sihteeri@eridani42.fi\"><strong>S\u00e4hk\u00f6postiin<\/strong><\/a> ja otamme sinuun yhteytt\u00e4 ja sovimme tapaamisen ja kerromme lis\u00e4\u00e4.<\/p>\n\n\n\n<p>Hakemuksesi tultua k\u00e4sitellyksi, saat kutsun kokoukseemme, jossa sinut juhlallisesti, perinteidemme mukaisesti, otetaan veljeskunnan ja loosimme j\u00e4seneksi ja Odd Fellow -vaelluksesi voi alkaa. Kokouksia, jossa otamme uusia j\u00e4seni\u00e4, j\u00e4rjestet\u00e4\u00e4n noin kaksi kertaa vuodessa, normaalisti yksi syksyll\u00e4 ja toinen kev\u00e4\u00e4ll\u00e4.<\/p>\n\n\n\n<p>Rebekkasisarena et j\u00e4\u00e4 yksin. K\u00e4ym\u00e4ll\u00e4 kokouksissamme saat lis\u00e4tietoa ja oppia toiminnastamme ja veljeskunnasta. Sinusta pidet\u00e4\u00e4n huolta ja ohjaamme sinua lempe\u00e4sti. Uusia asteita, kuten me niit\u00e4 kutsumme, annamme sisarelle, joka on k\u00e4ynyt kokouksissamme &nbsp;ja on saanut mielest\u00e4mme riitt\u00e4v\u00e4sti tarvittavaa kokemusta rebekkatoIminnasta.&nbsp;<\/p>\n\n\n\n<div class=\"wp-block-buttons is-layout-flex wp-block-buttons-is-layout-flex\">\n<div class=\"wp-block-button is-style-outline is-style-outline--1\"><a class=\"wp-block-button__link has-background wp-element-button\" href=\"https:\/\/eridani42.fi\/\" style=\"background-color:#fed6de\">Etusivulle<\/a><\/div>\n<\/div>\n","protected":false},"excerpt":{"rendered":"<p>Toivottavasti saimme sinut kiinnostumaan toiminnastamme! Varmasti haluat kuulla lis\u00e4\u00e4. J\u00e4t\u00e4 yhteydenottopyynt\u00f6si S\u00e4hk\u00f6postiin ja otamme sinuun yhteytt\u00e4 ja sovimme tapaamisen ja kerromme lis\u00e4\u00e4. Hakemuksesi tultua k\u00e4sitellyksi, saat kutsun kokoukseemme, jossa sinut juhlallisesti, perinteidemme mukaisesti, otetaan veljeskunnan ja loosimme j\u00e4seneksi ja Odd Fellow -vaelluksesi voi alkaa. Kokouksia, jossa otamme uusia j\u00e4seni\u00e4, j\u00e4rjestet\u00e4\u00e4n noin kaksi kertaa vuodessa, normaalisti [&hellip;]<\/p>\n","protected":false},"author":1,"featured_media":0,"parent":0,"menu_order":0,"comment_status":"closed","ping_status":"closed","template":"","meta":{"footnotes":""},"class_list":["post-32","page","type-page","status-publish","hentry"],"_links":{"self":[{"href":"https:\/\/eridani42.fi\/index.php\/wp-json\/wp\/v2\/pages\/32","targetHints":{"allow":["GET"]}}],"collection":[{"href":"https:\/\/eridani42.fi\/index.php\/wp-json\/wp\/v2\/pages"}],"about":[{"href":"https:\/\/eridani42.fi\/index.php\/wp-json\/wp\/v2\/types\/page"}],"author":[{"embeddable":true,"href":"https:\/\/eridani42.fi\/index.php\/wp-json\/wp\/v2\/users\/1"}],"replies":[{"embeddable":true,"href":"https:\/\/eridani42.fi\/index.php\/wp-json\/wp\/v2\/comments?post=32"}],"version-history":[{"count":14,"href":"https:\/\/eridani42.fi\/index.php\/wp-json\/wp\/v2\/pages\/32\/revisions"}],"predecessor-version":[{"id":343,"href":"https:\/\/eridani42.fi\/index.php\/wp-json\/wp\/v2\/pages\/32\/revisions\/343"}],"wp:attachment":[{"href":"https:\/\/eridani42.fi\/index.php\/wp-json\/wp\/v2\/media?parent=32"}],"curies":[{"name":"wp","href":"https:\/\/api.w.org\/{rel}","templated":true}]}}