{"id":91,"date":"2025-09-29T10:10:03","date_gmt":"2025-09-29T10:10:03","guid":{"rendered":"https:\/\/eridani42.fi\/?page_id=91"},"modified":"2025-10-25T08:47:39","modified_gmt":"2025-10-25T08:47:39","slug":"91-2","status":"publish","type":"page","link":"https:\/\/eridani42.fi\/index.php\/91-2\/","title":{"rendered":"Yhteis\u00f6llisyytemme perusta"},"content":{"rendered":"\n<figure class=\"wp-block-image size-large\"><img loading=\"lazy\" decoding=\"async\" width=\"1024\" height=\"358\" src=\"https:\/\/eridani42.fi\/wp-content\/uploads\/2025\/10\/Nimeton-20-x-7-cm-2-1024x358.png\" alt=\"\" class=\"wp-image-126\" srcset=\"https:\/\/eridani42.fi\/wp-content\/uploads\/2025\/10\/Nimeton-20-x-7-cm-2-1024x358.png 1024w, https:\/\/eridani42.fi\/wp-content\/uploads\/2025\/10\/Nimeton-20-x-7-cm-2-300x105.png 300w, https:\/\/eridani42.fi\/wp-content\/uploads\/2025\/10\/Nimeton-20-x-7-cm-2-768x269.png 768w, https:\/\/eridani42.fi\/wp-content\/uploads\/2025\/10\/Nimeton-20-x-7-cm-2-1536x538.png 1536w, https:\/\/eridani42.fi\/wp-content\/uploads\/2025\/10\/Nimeton-20-x-7-cm-2.png 2000w\" sizes=\"auto, (max-width: 1024px) 100vw, 1024px\" \/><\/figure>\n\n\n\n<h3 class=\"wp-block-heading\">El\u00e4m\u00e4nik\u00e4iset yst\u00e4v\u00e4t, suvaitsevaisuus, yhteenkuuluvuus<\/h3>\n\n\n\n<p><\/p>\n\n\n\n<p>Ihminen on osa kokonaisuutta nimelt\u00e4 &#8221;maailmankaikkeus&#8221;<\/p>\n\n\n\n<p> osa, jota aika ja avaruus rajoittavat.<\/p>\n\n\n\n<p>H\u00e4n kokee itsens\u00e4, ajatuksensa ja tunteensa <\/p>\n\n\n\n<p>jonakin muusta erillisen\u00e4  <\/p>\n\n\n\n<p>\u2013 t\u00e4m\u00e4 on h\u00e4nen tietoisuutensa luoma optinen harha. <\/p>\n\n\n\n<p>T\u00e4m\u00e4 harha on meid\u00e4n vankilamme, <\/p>\n\n\n\n<p>Joka rajoittaa meid\u00e4t henkil\u00f6kohtaisiin haluihimme <\/p>\n\n\n\n<p>ja v\u00e4litt\u00e4m\u00e4\u00e4n vain muutamasta l\u00e4hipiiriimme kuuluvasta ihmisest\u00e4.<\/p>\n\n\n\n<p>T\u00e4st\u00e4 vankilasta vapautumisen on oltava teht\u00e4v\u00e4mme <\/p>\n\n\n\n<p>laajentamalla my\u00f6t\u00e4tuntomme piiri\u00e4 ja ottamalla vastaan<\/p>\n\n\n\n<p>kaikki el\u00e4v\u00e4t olennot ja luonnon kaikessa kauneudessaan.&#8221;<\/p>\n\n\n\n<p><\/p>\n\n\n\n<p>                                                     <em>Albert Einstein<\/em><\/p>\n\n\n\n<p><\/p>\n\n\n\n<p><\/p>\n\n\n\n<p><\/p>\n\n\n\n<h2 class=\"wp-block-heading\"><\/h2>\n\n\n\n<div class=\"wp-block-buttons is-layout-flex wp-block-buttons-is-layout-flex\">\n<div class=\"wp-block-button is-style-outline is-style-outline--1\"><a class=\"wp-block-button__link has-background wp-element-button\" href=\"https:\/\/eridani42.fi\/\" style=\"background-color:#fed6de\">Etusivulle<\/a><\/div>\n<\/div>\n","protected":false},"excerpt":{"rendered":"<p>El\u00e4m\u00e4nik\u00e4iset yst\u00e4v\u00e4t, suvaitsevaisuus, yhteenkuuluvuus Ihminen on osa kokonaisuutta nimelt\u00e4 &#8221;maailmankaikkeus&#8221; osa, jota aika ja avaruus rajoittavat. H\u00e4n kokee itsens\u00e4, ajatuksensa ja tunteensa jonakin muusta erillisen\u00e4 \u2013 t\u00e4m\u00e4 on h\u00e4nen tietoisuutensa luoma optinen harha. T\u00e4m\u00e4 harha on meid\u00e4n vankilamme, Joka rajoittaa meid\u00e4t henkil\u00f6kohtaisiin haluihimme ja v\u00e4litt\u00e4m\u00e4\u00e4n vain muutamasta l\u00e4hipiiriimme kuuluvasta ihmisest\u00e4. T\u00e4st\u00e4 vankilasta vapautumisen on oltava [&hellip;]<\/p>\n","protected":false},"author":1,"featured_media":0,"parent":0,"menu_order":0,"comment_status":"closed","ping_status":"closed","template":"","meta":{"footnotes":""},"class_list":["post-91","page","type-page","status-publish","hentry"],"_links":{"self":[{"href":"https:\/\/eridani42.fi\/index.php\/wp-json\/wp\/v2\/pages\/91","targetHints":{"allow":["GET"]}}],"collection":[{"href":"https:\/\/eridani42.fi\/index.php\/wp-json\/wp\/v2\/pages"}],"about":[{"href":"https:\/\/eridani42.fi\/index.php\/wp-json\/wp\/v2\/types\/page"}],"author":[{"embeddable":true,"href":"https:\/\/eridani42.fi\/index.php\/wp-json\/wp\/v2\/users\/1"}],"replies":[{"embeddable":true,"href":"https:\/\/eridani42.fi\/index.php\/wp-json\/wp\/v2\/comments?post=91"}],"version-history":[{"count":6,"href":"https:\/\/eridani42.fi\/index.php\/wp-json\/wp\/v2\/pages\/91\/revisions"}],"predecessor-version":[{"id":347,"href":"https:\/\/eridani42.fi\/index.php\/wp-json\/wp\/v2\/pages\/91\/revisions\/347"}],"wp:attachment":[{"href":"https:\/\/eridani42.fi\/index.php\/wp-json\/wp\/v2\/media?parent=91"}],"curies":[{"name":"wp","href":"https:\/\/api.w.org\/{rel}","templated":true}]}}